{"id":90,"date":"2017-11-09T09:51:13","date_gmt":"2017-11-09T08:51:13","guid":{"rendered":"http:\/\/anzaweb.bwdev.in\/?page_id=90"},"modified":"2022-01-05T10:43:41","modified_gmt":"2022-01-05T09:43:41","slug":"about-anza-pro","status":"publish","type":"page","link":"https:\/\/anzapro.dev.wildweb.no\/en\/about-anza-pro\/","title":{"rendered":"We know  <br>what it takes"},"content":{"rendered":"\n<p>Anza Pro is one of the leading painting tool manufacturers in Scandinavia. We have production in Bankeryd in the south of Sweden and export to several other countries. Since 2012, we are part of Orkla House Care, together with other successful painting tool brands such as Anza, Jordan, Spekter, Harris and Hamilton.<\/p>\n","protected":false},"excerpt":{"rendered":"<p>Anza Pro is one of the leading painting tool manufacturers in Scandinavia. We have production in Bankeryd in the south of Sweden and export to several other countries. Since 2012, we are part of Orkla House Care, together with other successful painting tool brands such as Anza, Jordan, Spekter, Harris and Hamilton.<\/p>\n","protected":false},"author":1,"featured_media":0,"parent":0,"menu_order":23,"comment_status":"closed","ping_status":"closed","template":"Frontpage.php","meta":{"_acf_changed":false,"_relevanssi_hide_post":"","_relevanssi_hide_content":"","_relevanssi_pin_for_all":"","_relevanssi_pin_keywords":"","_relevanssi_unpin_keywords":"","_relevanssi_related_keywords":"","_relevanssi_related_include_ids":"","_relevanssi_related_exclude_ids":"","_relevanssi_related_no_append":"","_relevanssi_related_not_related":"","_relevanssi_related_posts":"","_relevanssi_noindex_reason":"","inline_featured_image":false,"_editorskit_title_hidden":false,"_editorskit_reading_time":0,"_editorskit_is_block_options_detached":false,"_editorskit_block_options_position":"{}","footnotes":""},"class_list":["post-90","page","type-page","status-publish","hentry"],"acf":[],"yoast_head":"<!-- This site is optimized with the Yoast SEO plugin v27.4 - https:\/\/yoast.com\/product\/yoast-seo-wordpress\/ -->\n<title>Penslar, rollers och verktyg som g\u00f6r det l\u00e4ttare att m\u00e5la - Anza<\/title>\n<meta name=\"robots\" content=\"noindex, follow, max-snippet:-1, max-image-preview:large, max-video-preview:-1\" \/>\n<meta property=\"og:locale\" content=\"en_US\" \/>\n<meta property=\"og:type\" content=\"website\" \/>\n<meta property=\"og:title\" content=\"Penslar, rollers och verktyg som g\u00f6r det l\u00e4ttare att m\u00e5la - Anza\" \/>\n<meta property=\"og:description\" content=\"Anza Pro is one of the leading painting tool manufacturers in Scandinavia. We have production in Bankeryd in the south of Sweden and export to several other countries. Since 2012, we are part of Orkla House Care, together with other successful painting tool brands such as Anza, Jordan, Spekter, Harris and Hamilton.\" \/>\n<meta property=\"og:url\" content=\"https:\/\/anzapro.dev.wildweb.no\/en\/about-anza-pro\/\" \/>\n<meta property=\"og:site_name\" content=\"Anza Pro\" \/>\n<meta property=\"article:modified_time\" content=\"2022-01-05T09:43:41+00:00\" \/>\n<meta name=\"twitter:card\" content=\"summary_large_image\" \/>\n<meta name=\"twitter:label1\" content=\"Est. reading time\" \/>\n\t<meta name=\"twitter:data1\" content=\"1 minute\" \/>\n<script type=\"application\/ld+json\" class=\"yoast-schema-graph\">{\"@context\":\"https:\\\/\\\/schema.org\",\"@graph\":[{\"@type\":\"WebPage\",\"@id\":\"https:\\\/\\\/anzapro.dev.wildweb.no\\\/en\\\/about-anza-pro\\\/\",\"url\":\"https:\\\/\\\/anzapro.dev.wildweb.no\\\/en\\\/about-anza-pro\\\/\",\"name\":\"Penslar, rollers och verktyg som g\u00f6r det l\u00e4ttare att m\u00e5la - Anza\",\"isPartOf\":{\"@id\":\"https:\\\/\\\/anzapro.dev.wildweb.no\\\/en\\\/#website\"},\"datePublished\":\"2017-11-09T08:51:13+00:00\",\"dateModified\":\"2022-01-05T09:43:41+00:00\",\"breadcrumb\":{\"@id\":\"https:\\\/\\\/anzapro.dev.wildweb.no\\\/en\\\/about-anza-pro\\\/#breadcrumb\"},\"inLanguage\":\"en-US\",\"potentialAction\":[{\"@type\":\"ReadAction\",\"target\":[\"https:\\\/\\\/anzapro.dev.wildweb.no\\\/en\\\/about-anza-pro\\\/\"]}]},{\"@type\":\"BreadcrumbList\",\"@id\":\"https:\\\/\\\/anzapro.dev.wildweb.no\\\/en\\\/about-anza-pro\\\/#breadcrumb\",\"itemListElement\":[{\"@type\":\"ListItem\",\"position\":1,\"name\":\"Home\",\"item\":\"https:\\\/\\\/anzapro.dev.wildweb.no\\\/en\\\/\"},{\"@type\":\"ListItem\",\"position\":2,\"name\":\"We know what it takes\"}]},{\"@type\":\"WebSite\",\"@id\":\"https:\\\/\\\/anzapro.dev.wildweb.no\\\/en\\\/#website\",\"url\":\"https:\\\/\\\/anzapro.dev.wildweb.no\\\/en\\\/\",\"name\":\"Anza Pro\",\"description\":\"\",\"potentialAction\":[{\"@type\":\"SearchAction\",\"target\":{\"@type\":\"EntryPoint\",\"urlTemplate\":\"https:\\\/\\\/anzapro.dev.wildweb.no\\\/en\\\/?s={search_term_string}\"},\"query-input\":{\"@type\":\"PropertyValueSpecification\",\"valueRequired\":true,\"valueName\":\"search_term_string\"}}],\"inLanguage\":\"en-US\"}]}<\/script>\n<!-- \/ Yoast SEO plugin. -->","yoast_head_json":{"title":"Penslar, rollers och verktyg som g\u00f6r det l\u00e4ttare att m\u00e5la - Anza","robots":{"index":"noindex","follow":"follow","max-snippet":"max-snippet:-1","max-image-preview":"max-image-preview:large","max-video-preview":"max-video-preview:-1"},"og_locale":"en_US","og_type":"website","og_title":"Penslar, rollers och verktyg som g\u00f6r det l\u00e4ttare att m\u00e5la - Anza","og_description":"Anza Pro is one of the leading painting tool manufacturers in Scandinavia. We have production in Bankeryd in the south of Sweden and export to several other countries. Since 2012, we are part of Orkla House Care, together with other successful painting tool brands such as Anza, Jordan, Spekter, Harris and Hamilton.","og_url":"https:\/\/anzapro.dev.wildweb.no\/en\/about-anza-pro\/","og_site_name":"Anza Pro","article_modified_time":"2022-01-05T09:43:41+00:00","twitter_card":"summary_large_image","twitter_misc":{"Est. reading time":"1 minute"},"schema":{"@context":"https:\/\/schema.org","@graph":[{"@type":"WebPage","@id":"https:\/\/anzapro.dev.wildweb.no\/en\/about-anza-pro\/","url":"https:\/\/anzapro.dev.wildweb.no\/en\/about-anza-pro\/","name":"Penslar, rollers och verktyg som g\u00f6r det l\u00e4ttare att m\u00e5la - Anza","isPartOf":{"@id":"https:\/\/anzapro.dev.wildweb.no\/en\/#website"},"datePublished":"2017-11-09T08:51:13+00:00","dateModified":"2022-01-05T09:43:41+00:00","breadcrumb":{"@id":"https:\/\/anzapro.dev.wildweb.no\/en\/about-anza-pro\/#breadcrumb"},"inLanguage":"en-US","potentialAction":[{"@type":"ReadAction","target":["https:\/\/anzapro.dev.wildweb.no\/en\/about-anza-pro\/"]}]},{"@type":"BreadcrumbList","@id":"https:\/\/anzapro.dev.wildweb.no\/en\/about-anza-pro\/#breadcrumb","itemListElement":[{"@type":"ListItem","position":1,"name":"Home","item":"https:\/\/anzapro.dev.wildweb.no\/en\/"},{"@type":"ListItem","position":2,"name":"We know what it takes"}]},{"@type":"WebSite","@id":"https:\/\/anzapro.dev.wildweb.no\/en\/#website","url":"https:\/\/anzapro.dev.wildweb.no\/en\/","name":"Anza Pro","description":"","potentialAction":[{"@type":"SearchAction","target":{"@type":"EntryPoint","urlTemplate":"https:\/\/anzapro.dev.wildweb.no\/en\/?s={search_term_string}"},"query-input":{"@type":"PropertyValueSpecification","valueRequired":true,"valueName":"search_term_string"}}],"inLanguage":"en-US"}]}},"_links":{"self":[{"href":"https:\/\/anzapro.dev.wildweb.no\/en\/wp-json\/wp\/v2\/pages\/90","targetHints":{"allow":["GET"]}}],"collection":[{"href":"https:\/\/anzapro.dev.wildweb.no\/en\/wp-json\/wp\/v2\/pages"}],"about":[{"href":"https:\/\/anzapro.dev.wildweb.no\/en\/wp-json\/wp\/v2\/types\/page"}],"author":[{"embeddable":true,"href":"https:\/\/anzapro.dev.wildweb.no\/en\/wp-json\/wp\/v2\/users\/1"}],"replies":[{"embeddable":true,"href":"https:\/\/anzapro.dev.wildweb.no\/en\/wp-json\/wp\/v2\/comments?post=90"}],"version-history":[{"count":18,"href":"https:\/\/anzapro.dev.wildweb.no\/en\/wp-json\/wp\/v2\/pages\/90\/revisions"}],"predecessor-version":[{"id":4885,"href":"https:\/\/anzapro.dev.wildweb.no\/en\/wp-json\/wp\/v2\/pages\/90\/revisions\/4885"}],"wp:attachment":[{"href":"https:\/\/anzapro.dev.wildweb.no\/en\/wp-json\/wp\/v2\/media?parent=90"}],"curies":[{"name":"wp","href":"https:\/\/api.w.org\/{rel}","templated":true}]}}