{"id":532,"date":"2018-03-01T09:28:14","date_gmt":"2018-03-01T09:28:14","guid":{"rendered":"http:\/\/anza-staging.eu-west-1.elasticbeanstalk.com\/?page_id=532"},"modified":"2020-05-19T14:23:19","modified_gmt":"2020-05-19T12:23:19","slug":"find-us","status":"publish","type":"page","link":"https:\/\/anzapro.dev.wildweb.no\/en\/find-us\/","title":{"rendered":"Find us"},"content":{"rendered":"<p>Find your local Anza website and\/or dealer below.<br \/>Do you want to be one of us? <a href=\"\/get-in-touch\/\">Get in touch<\/a>.<\/p>\n\n\n<div class=\"wp-block-columns is-layout-flex wp-container-core-columns-is-layout-9d6595d7 wp-block-columns-is-layout-flex\">\n<div class=\"wp-block-column is-layout-flow wp-block-column-is-layout-flow\">\n<div class=\"wp-block-columns is-layout-flex wp-container-core-columns-is-layout-9d6595d7 wp-block-columns-is-layout-flex\">\n<div class=\"wp-block-column is-layout-flow wp-block-column-is-layout-flow\">\n<h3 class=\"wp-block-heading\">Sweden\/HQ<\/h3>\n\n\n\n<p><strong>Orkla House Care AB<\/strong><br>Tallv\u00e4gen 6<br>564 23 Bankeryd<br>Sweden<\/p>\n\n\n\n<p>Tel: +46-36-37 63 00<br>Fax: +46-36-37 79 90<br>info@anzapro.se<br>www.anzapro.se<\/p>\n<\/div>\n\n\n\n<div class=\"wp-block-column is-layout-flow wp-block-column-is-layout-flow\">\n<h3 class=\"wp-block-heading\">Denmark<\/h3>\n\n\n\n<p><strong>Orkla House Care Danmark A\/S<\/strong><br>Stationsvej 13<br>DK-3550 Slangerup<br>Denmark<\/p>\n\n\n\n<p>Tel: +45-47 33 74 00<br>Fax: +45-47 33 74 01<br>info@anzapro.dk<br>www.anzapro.dk<\/p>\n<\/div>\n<\/div>\n<\/div>\n\n\n\n<div class=\"wp-block-column is-layout-flow wp-block-column-is-layout-flow\">\n<div class=\"wp-block-columns is-layout-flex wp-container-core-columns-is-layout-9d6595d7 wp-block-columns-is-layout-flex\">\n<div class=\"wp-block-column is-layout-flow wp-block-column-is-layout-flow\">\n<h3 class=\"wp-block-heading\">Benelux<\/h3>\n\n\n\n<p><strong>ANZA \u2013 Verimex NV<\/strong><br>Koralenhoeve 25<br>B-2160 Wommelgem<br>Belgium<\/p>\n\n\n\n<p>Tel: +32-52-42 31 86<br>Fax: +32-52-42 45 00<br>sales@anzaverimex.com<br>http:\/\/www.anzaverimex.eu<\/p>\n<\/div>\n\n\n\n<div class=\"wp-block-column is-layout-flow wp-block-column-is-layout-flow\">\n<h3 class=\"wp-block-heading\">Czech Republic<\/h3>\n\n\n\n<p><strong>Dejmark Czech s.r.o.<\/strong><br>Pod\u011bbradsk\u00e1 55\/88<br>190 00  Praha 9<br>Czech Republic<\/p>\n\n\n\n<p>Tel: +420 724 554 416<br>info.cz@dejmark.com<br>www.dejmarkgroup.com<\/p>\n<\/div>\n<\/div>\n<\/div>\n<\/div>\n\n\n\n<div class=\"wp-block-columns is-layout-flex wp-container-core-columns-is-layout-9d6595d7 wp-block-columns-is-layout-flex\">\n<div class=\"wp-block-column is-layout-flow wp-block-column-is-layout-flow\">\n<div class=\"wp-block-columns is-layout-flex wp-container-core-columns-is-layout-9d6595d7 wp-block-columns-is-layout-flex\">\n<div class=\"wp-block-column is-layout-flow wp-block-column-is-layout-flow\">\n<h3 class=\"wp-block-heading\">Estonia<\/h3>\n\n\n\n<p><strong>AS Tikkurila<\/strong><br>Liimi 5<br>EE-10621 Tallinn<br>Estonia<\/p>\n\n\n\n<p>Tel: +372-6 501 100<br>Fax: +372-6 501 110<br>info.ee@tikkurila.com <br>www.vivacolor.ee<\/p>\n<\/div>\n\n\n\n<div class=\"wp-block-column is-layout-flow wp-block-column-is-layout-flow\">\n<h3 class=\"wp-block-heading\">Finland<\/h3>\n\n\n\n<p><strong>Oy C.E. Lindgren AB<\/strong><br>Box 18<br>FI-06151 Borga\u030a<\/p>\n\n\n\n<p>Tel: +358-19 536 010<br>Fax: +358-19 524 66 18 <br>info@celindgren.fi <br>www.celindgren.fi<\/p>\n<\/div>\n<\/div>\n\n\n<\/div>\n\n\n\n<div class=\"wp-block-column is-layout-flow wp-block-column-is-layout-flow\">\n<div class=\"wp-block-columns is-layout-flex wp-container-core-columns-is-layout-9d6595d7 wp-block-columns-is-layout-flex\">\n<div class=\"wp-block-column is-layout-flow wp-block-column-is-layout-flow\">\n<h3 class=\"wp-block-heading\">Iceland<\/h3>\n\n\n\n<p><strong>Dan Inn ehf.<\/strong><br>Sku\u0301tuvogur 13a<br>IS-104 Reykjavik<br>Iceland<\/p>\n\n\n\n<p>Tel: +354-568 2600<br>Fax: +354-568 2601<br>daninn@daninn.is<br>www.daninn.is<\/p>\n<\/div>\n\n\n\n<div class=\"wp-block-column is-layout-flow wp-block-column-is-layout-flow\">\n<h3 class=\"wp-block-heading\">Latvia<\/h3>\n\n\n\n<p><strong>SIA Tikkurila<\/strong><br>Kurzes Str. 23 K-3<br>LV-1046, Riga<br>Latvia<\/p>\n\n\n\n<p> Tel: +371 67 611 135<br>Fax: +371 67 610 911<br>info.lv@tikkurila.com<br>www.tikkurila.lv<br>www.vivacolor.lv<\/p>\n<\/div>\n<\/div>\n<\/div>\n<\/div>\n\n\n","protected":false},"excerpt":{"rendered":"<p>Logga in genom att ange kundnummer och l\u00f6senord f\u00f6r att anv\u00e4nda v\u00e5r best\u00e4llningsfunktion. N\u00e4r du loggat in kan du \u00e4ven ladda ner aktuellt kampanjmaterial fr\u00e5n oss. <\/p>\n","protected":false},"author":1,"featured_media":0,"parent":0,"menu_order":0,"comment_status":"closed","ping_status":"closed","template":"","meta":{"_acf_changed":false,"_relevanssi_hide_post":"","_relevanssi_hide_content":"","_relevanssi_pin_for_all":"","_relevanssi_pin_keywords":"","_relevanssi_unpin_keywords":"","_relevanssi_related_keywords":"","_relevanssi_related_include_ids":"","_relevanssi_related_exclude_ids":"","_relevanssi_related_no_append":"","_relevanssi_related_not_related":"","_relevanssi_related_posts":"","_relevanssi_noindex_reason":"","inline_featured_image":false,"_editorskit_title_hidden":false,"_editorskit_reading_time":0,"_editorskit_is_block_options_detached":false,"_editorskit_block_options_position":"{}","footnotes":""},"class_list":["post-532","page","type-page","status-publish","hentry"],"acf":[],"yoast_head":"<!-- This site is optimized with the Yoast SEO plugin v27.4 - https:\/\/yoast.com\/product\/yoast-seo-wordpress\/ -->\n<title>Find us - Anza Pro<\/title>\n<meta name=\"robots\" content=\"noindex, follow, max-snippet:-1, max-image-preview:large, max-video-preview:-1\" \/>\n<meta property=\"og:locale\" content=\"en_US\" \/>\n<meta property=\"og:type\" content=\"website\" \/>\n<meta property=\"og:title\" content=\"Find us - Anza Pro\" \/>\n<meta property=\"og:description\" content=\"Logga in genom att ange kundnummer och l\u00f6senord f\u00f6r att anv\u00e4nda v\u00e5r best\u00e4llningsfunktion. N\u00e4r du loggat in kan du \u00e4ven ladda ner aktuellt kampanjmaterial fr\u00e5n oss.\" \/>\n<meta property=\"og:url\" content=\"https:\/\/anzapro.dev.wildweb.no\/en\/find-us\/\" \/>\n<meta property=\"og:site_name\" content=\"Anza Pro\" \/>\n<meta property=\"article:modified_time\" content=\"2020-05-19T12:23:19+00:00\" \/>\n<meta name=\"twitter:card\" content=\"summary_large_image\" \/>\n<meta name=\"twitter:label1\" content=\"Est. reading time\" \/>\n\t<meta name=\"twitter:data1\" content=\"1 minute\" \/>\n<script type=\"application\/ld+json\" class=\"yoast-schema-graph\">{\"@context\":\"https:\\\/\\\/schema.org\",\"@graph\":[{\"@type\":\"WebPage\",\"@id\":\"https:\\\/\\\/anzapro.dev.wildweb.no\\\/en\\\/find-us\\\/\",\"url\":\"https:\\\/\\\/anzapro.dev.wildweb.no\\\/en\\\/find-us\\\/\",\"name\":\"Find us - Anza Pro\",\"isPartOf\":{\"@id\":\"https:\\\/\\\/anzapro.dev.wildweb.no\\\/en\\\/#website\"},\"datePublished\":\"2018-03-01T09:28:14+00:00\",\"dateModified\":\"2020-05-19T12:23:19+00:00\",\"breadcrumb\":{\"@id\":\"https:\\\/\\\/anzapro.dev.wildweb.no\\\/en\\\/find-us\\\/#breadcrumb\"},\"inLanguage\":\"en-US\",\"potentialAction\":[{\"@type\":\"ReadAction\",\"target\":[\"https:\\\/\\\/anzapro.dev.wildweb.no\\\/en\\\/find-us\\\/\"]}]},{\"@type\":\"BreadcrumbList\",\"@id\":\"https:\\\/\\\/anzapro.dev.wildweb.no\\\/en\\\/find-us\\\/#breadcrumb\",\"itemListElement\":[{\"@type\":\"ListItem\",\"position\":1,\"name\":\"Home\",\"item\":\"https:\\\/\\\/anzapro.dev.wildweb.no\\\/en\\\/\"},{\"@type\":\"ListItem\",\"position\":2,\"name\":\"Find us\"}]},{\"@type\":\"WebSite\",\"@id\":\"https:\\\/\\\/anzapro.dev.wildweb.no\\\/en\\\/#website\",\"url\":\"https:\\\/\\\/anzapro.dev.wildweb.no\\\/en\\\/\",\"name\":\"Anza Pro\",\"description\":\"\",\"potentialAction\":[{\"@type\":\"SearchAction\",\"target\":{\"@type\":\"EntryPoint\",\"urlTemplate\":\"https:\\\/\\\/anzapro.dev.wildweb.no\\\/en\\\/?s={search_term_string}\"},\"query-input\":{\"@type\":\"PropertyValueSpecification\",\"valueRequired\":true,\"valueName\":\"search_term_string\"}}],\"inLanguage\":\"en-US\"}]}<\/script>\n<!-- \/ Yoast SEO plugin. -->","yoast_head_json":{"title":"Find us - Anza Pro","robots":{"index":"noindex","follow":"follow","max-snippet":"max-snippet:-1","max-image-preview":"max-image-preview:large","max-video-preview":"max-video-preview:-1"},"og_locale":"en_US","og_type":"website","og_title":"Find us - Anza Pro","og_description":"Logga in genom att ange kundnummer och l\u00f6senord f\u00f6r att anv\u00e4nda v\u00e5r best\u00e4llningsfunktion. N\u00e4r du loggat in kan du \u00e4ven ladda ner aktuellt kampanjmaterial fr\u00e5n oss.","og_url":"https:\/\/anzapro.dev.wildweb.no\/en\/find-us\/","og_site_name":"Anza Pro","article_modified_time":"2020-05-19T12:23:19+00:00","twitter_card":"summary_large_image","twitter_misc":{"Est. reading time":"1 minute"},"schema":{"@context":"https:\/\/schema.org","@graph":[{"@type":"WebPage","@id":"https:\/\/anzapro.dev.wildweb.no\/en\/find-us\/","url":"https:\/\/anzapro.dev.wildweb.no\/en\/find-us\/","name":"Find us - Anza Pro","isPartOf":{"@id":"https:\/\/anzapro.dev.wildweb.no\/en\/#website"},"datePublished":"2018-03-01T09:28:14+00:00","dateModified":"2020-05-19T12:23:19+00:00","breadcrumb":{"@id":"https:\/\/anzapro.dev.wildweb.no\/en\/find-us\/#breadcrumb"},"inLanguage":"en-US","potentialAction":[{"@type":"ReadAction","target":["https:\/\/anzapro.dev.wildweb.no\/en\/find-us\/"]}]},{"@type":"BreadcrumbList","@id":"https:\/\/anzapro.dev.wildweb.no\/en\/find-us\/#breadcrumb","itemListElement":[{"@type":"ListItem","position":1,"name":"Home","item":"https:\/\/anzapro.dev.wildweb.no\/en\/"},{"@type":"ListItem","position":2,"name":"Find us"}]},{"@type":"WebSite","@id":"https:\/\/anzapro.dev.wildweb.no\/en\/#website","url":"https:\/\/anzapro.dev.wildweb.no\/en\/","name":"Anza Pro","description":"","potentialAction":[{"@type":"SearchAction","target":{"@type":"EntryPoint","urlTemplate":"https:\/\/anzapro.dev.wildweb.no\/en\/?s={search_term_string}"},"query-input":{"@type":"PropertyValueSpecification","valueRequired":true,"valueName":"search_term_string"}}],"inLanguage":"en-US"}]}},"_links":{"self":[{"href":"https:\/\/anzapro.dev.wildweb.no\/en\/wp-json\/wp\/v2\/pages\/532","targetHints":{"allow":["GET"]}}],"collection":[{"href":"https:\/\/anzapro.dev.wildweb.no\/en\/wp-json\/wp\/v2\/pages"}],"about":[{"href":"https:\/\/anzapro.dev.wildweb.no\/en\/wp-json\/wp\/v2\/types\/page"}],"author":[{"embeddable":true,"href":"https:\/\/anzapro.dev.wildweb.no\/en\/wp-json\/wp\/v2\/users\/1"}],"replies":[{"embeddable":true,"href":"https:\/\/anzapro.dev.wildweb.no\/en\/wp-json\/wp\/v2\/comments?post=532"}],"version-history":[{"count":2,"href":"https:\/\/anzapro.dev.wildweb.no\/en\/wp-json\/wp\/v2\/pages\/532\/revisions"}],"predecessor-version":[{"id":3334,"href":"https:\/\/anzapro.dev.wildweb.no\/en\/wp-json\/wp\/v2\/pages\/532\/revisions\/3334"}],"wp:attachment":[{"href":"https:\/\/anzapro.dev.wildweb.no\/en\/wp-json\/wp\/v2\/media?parent=532"}],"curies":[{"name":"wp","href":"https:\/\/api.w.org\/{rel}","templated":true}]}}